{"id":2819,"date":"2022-11-27T16:48:54","date_gmt":"2022-11-27T15:48:54","guid":{"rendered":"http:\/\/catquarts.sautre.net\/?page_id=2819"},"modified":"2025-06-03T22:32:29","modified_gmt":"2025-06-03T20:32:29","slug":"nos-thes-en-vrac","status":"publish","type":"page","link":"http:\/\/lecatquarts.com\/index.php\/nos-thes-en-vrac\/","title":{"rendered":"Nos th\u00e9s en vrac"},"content":{"rendered":"\n<p class=\"has-drop-cap\">Le Cat-Quarts vous propose, sur place, certains th\u00e9s bios et issus du commerce \u00e9quitable de la<br>gamme Les Jardins de Ga\u00efa. Vous avez la possibilit\u00e9 d\u2019en acheter en sachet de 100g ou de 250g. Si<br>vous pr\u00e9f\u00e9rez, un choix de boites \u00e0 th\u00e9 est \u00e9galement \u00e0 votre disposition c\u00f4t\u00e9 boutique pour<br>conserver votre th\u00e9 en vrac. Parce que le Cat-Quarts s\u2019inscrit pleinement dans une d\u00e9marche \u00e9co-<br>responsable et lutte, \u00e0 son niveau, contre le gaspillage, nous vous invitons \u00e0 revenir avec votre sachet<br>ou votre boite \u00e0 th\u00e9 pour les remplir de nouveau a l&rsquo;occasion de vos achats suivants.<\/p>\n\n\n\n<figure class=\"wp-block-image size-full is-resized\"><img loading=\"lazy\" src=\"http:\/\/lecatquarts.com\/wp-content\/uploads\/2025\/06\/7-Menu_the_en_vrac.png\" alt=\"\" class=\"wp-image-3637\" width=\"1240\" height=\"1754\" srcset=\"http:\/\/lecatquarts.com\/wp-content\/uploads\/2025\/06\/7-Menu_the_en_vrac.png 2480w, http:\/\/lecatquarts.com\/wp-content\/uploads\/2025\/06\/7-Menu_the_en_vrac-212x300.png 212w, http:\/\/lecatquarts.com\/wp-content\/uploads\/2025\/06\/7-Menu_the_en_vrac-724x1024.png 724w, http:\/\/lecatquarts.com\/wp-content\/uploads\/2025\/06\/7-Menu_the_en_vrac-768x1086.png 768w, http:\/\/lecatquarts.com\/wp-content\/uploads\/2025\/06\/7-Menu_the_en_vrac-1086x1536.png 1086w, http:\/\/lecatquarts.com\/wp-content\/uploads\/2025\/06\/7-Menu_the_en_vrac-1448x2048.png 1448w\" sizes=\"(max-width: 1240px) 100vw, 1240px\" \/><\/figure>\n","protected":false},"excerpt":{"rendered":"<p>Le Cat-Quarts vous propose, sur place, certains th\u00e9s bios et issus du commerce \u00e9quitable de lagamme Les Jardins de Ga\u00efa. Vous avez la possibilit\u00e9 d\u2019en acheter en sachet de 100g ou de 250g. Sivous pr\u00e9f\u00e9rez, un choix de boites \u00e0 th\u00e9 est \u00e9galement \u00e0 votre disposition c\u00f4t\u00e9 boutique pourconserver votre th\u00e9 en vrac. Parce que&#8230; <\/p>\n","protected":false},"author":1,"featured_media":0,"parent":0,"menu_order":0,"comment_status":"closed","ping_status":"closed","template":"full-width.php","meta":[],"_links":{"self":[{"href":"http:\/\/lecatquarts.com\/index.php\/wp-json\/wp\/v2\/pages\/2819"}],"collection":[{"href":"http:\/\/lecatquarts.com\/index.php\/wp-json\/wp\/v2\/pages"}],"about":[{"href":"http:\/\/lecatquarts.com\/index.php\/wp-json\/wp\/v2\/types\/page"}],"author":[{"embeddable":true,"href":"http:\/\/lecatquarts.com\/index.php\/wp-json\/wp\/v2\/users\/1"}],"replies":[{"embeddable":true,"href":"http:\/\/lecatquarts.com\/index.php\/wp-json\/wp\/v2\/comments?post=2819"}],"version-history":[{"count":10,"href":"http:\/\/lecatquarts.com\/index.php\/wp-json\/wp\/v2\/pages\/2819\/revisions"}],"predecessor-version":[{"id":3638,"href":"http:\/\/lecatquarts.com\/index.php\/wp-json\/wp\/v2\/pages\/2819\/revisions\/3638"}],"wp:attachment":[{"href":"http:\/\/lecatquarts.com\/index.php\/wp-json\/wp\/v2\/media?parent=2819"}],"curies":[{"name":"wp","href":"https:\/\/api.w.org\/{rel}","templated":true}]}}